{"id":78,"date":"2019-12-31T13:21:09","date_gmt":"2019-12-31T12:21:09","guid":{"rendered":"https:\/\/bn-sportfoto.de\/briefmarken\/?page_id=78"},"modified":"2026-02-13T20:16:14","modified_gmt":"2026-02-13T19:16:14","slug":"gelsenkirchener-postgeschichte","status":"publish","type":"page","link":"https:\/\/bn-sportfoto.de\/briefmarken\/gelsenkirchener-postgeschichte\/","title":{"rendered":"Gelsenkirchener Postgeschichte"},"content":{"rendered":"\n<p> An dieser Stelle ver\u00f6ffentlichen die  \u201eGelsenkirchener Briefmarkenfreunde 1967 e. V.\u201c  in loser Folge  Berichte \u00fcber die Gelsenkirchener Postgeschichte. <\/p>\n\n\n\n<hr class=\"wp-block-separator has-alpha-channel-opacity is-style-wide\"\/>\n\n\n\n<p><strong>Das Postamt in He\u00dfler<\/strong><\/p>\n\n\n<div class=\"wp-block-image\">\n<figure class=\"alignleft size-full is-resized\"><img loading=\"lazy\" decoding=\"async\" width=\"454\" height=\"458\" src=\"https:\/\/bn-sportfoto.de\/briefmarken\/wp-content\/uploads\/2026\/01\/Hessler_Stempel-1-1.png\" alt=\"\" class=\"wp-image-772\" style=\"width:256px\" srcset=\"https:\/\/bn-sportfoto.de\/briefmarken\/wp-content\/uploads\/2026\/01\/Hessler_Stempel-1-1.png 454w, https:\/\/bn-sportfoto.de\/briefmarken\/wp-content\/uploads\/2026\/01\/Hessler_Stempel-1-1-297x300.png 297w, https:\/\/bn-sportfoto.de\/briefmarken\/wp-content\/uploads\/2026\/01\/Hessler_Stempel-1-1-150x150.png 150w\" sizes=\"auto, (max-width: 454px) 100vw, 454px\" \/><\/figure>\n<\/div>\n\n\n<p>He\u00dfler war urspr\u00fcnglich eine aus Einzelh\u00f6fen bestehende westf\u00e4lische Bauerschaft und lag im \u00e4u\u00dfersten nordwestlichen Zipfel der Grafschaft Mark. Seit dem 19. Jahrhundert bildete He\u00dfler eine Landgemeinde in der preu\u00dfischen Provinz Westfalen.<\/p>\n\n\n\n<p>Die Gemeinde geh\u00f6rte zun\u00e4chst zum Amt Wattenscheid des Kreises Bochum. Ab 1868 dann zum Amt Gelsenkirchen und ab 1876 zum Amt Schalke. Dieses geh\u00f6rte dann wiederum ab dem 1. Juli 1885 zum neuen Kreis Gelsenkirchen. Zum 1. April 1903 wurde He\u00dfler zusammen mit weiteren Gemeinden in die kreisfreie Stadt Gelsenkirchen eingemeindet.<\/p>\n\n\n\n<p><a href=\"https:\/\/bn-sportfoto.de\/briefmarken\/gelsenkirchener-postgeschichte\/das-postamt-in-hessler\/\" data-type=\"page\" data-id=\"757\">Lesen Sie hier mehr \u00fcber die Geschichte des Postamts in He\u00dfler.<\/a><\/p>\n\n\n\n<hr class=\"wp-block-separator has-css-opacity is-style-wide\"\/>\n\n\n\n<p><strong>Das Postamt in Rotthausen<\/strong><\/p>\n\n\n<div class=\"wp-block-image\">\n<figure class=\"alignleft size-full is-resized\"><img loading=\"lazy\" decoding=\"async\" width=\"622\" height=\"270\" src=\"https:\/\/bn-sportfoto.de\/briefmarken\/wp-content\/uploads\/2023\/12\/Rotthausen_Stempel-1.png\" alt=\"\" class=\"wp-image-590\" style=\"width:256px\" srcset=\"https:\/\/bn-sportfoto.de\/briefmarken\/wp-content\/uploads\/2023\/12\/Rotthausen_Stempel-1.png 622w, https:\/\/bn-sportfoto.de\/briefmarken\/wp-content\/uploads\/2023\/12\/Rotthausen_Stempel-1-300x130.png 300w\" sizes=\"auto, (max-width: 622px) 100vw, 622px\" \/><\/figure>\n<\/div>\n\n\n<p>Bis zum Jahr 1873 geh\u00f6rte Rotthausen zum Landbestellbezirk Gelsenkirchen. Da Rotthausen aber im Landkreis Essen und somit im Rheinland lag, wurde es 1881 der Oberpostdirektion (OPD) D\u00fcsseldorf zugeordnet.<\/p>\n\n\n\n<p><a href=\"https:\/\/bn-sportfoto.de\/briefmarken\/das-postamt-in-rotthausen\">Lesen Sie hier mehr \u00fcber die Geschichte des Postamts in Rotthausen<\/a><a href=\"https:\/\/bn-sportfoto.de\/briefmarken\/das-postamt-in-schalke\/\">.<\/a><\/p>\n\n\n\n<div class=\"wp-block-group\"><div class=\"wp-block-group__inner-container is-layout-flow wp-block-group-is-layout-flow\">\n<hr class=\"wp-block-separator has-alpha-channel-opacity is-style-wide\"\/>\n\n\n\n<div class=\"wp-block-group\"><div class=\"wp-block-group__inner-container is-layout-constrained wp-block-group-is-layout-constrained\">\n<div class=\"wp-block-group\"><div class=\"wp-block-group__inner-container is-layout-constrained wp-block-group-is-layout-constrained\"><div class=\"wp-block-image is-resized\">\n<figure class=\"alignleft size-medium\"><img loading=\"lazy\" decoding=\"async\" width=\"206\" height=\"300\" src=\"https:\/\/bn-sportfoto.de\/briefmarken\/wp-content\/uploads\/2023\/05\/Poststempelkladde-Gelsenkirchen_Titel-1-206x300.jpg\" alt=\"\" class=\"wp-image-433\" srcset=\"https:\/\/bn-sportfoto.de\/briefmarken\/wp-content\/uploads\/2023\/05\/Poststempelkladde-Gelsenkirchen_Titel-1-206x300.jpg 206w, https:\/\/bn-sportfoto.de\/briefmarken\/wp-content\/uploads\/2023\/05\/Poststempelkladde-Gelsenkirchen_Titel-1.jpg 608w\" sizes=\"auto, (max-width: 206px) 100vw, 206px\" \/><\/figure>\n<\/div>\n\n\n<p><strong>Einf\u00fchrung der Postleitzahl 4650 in ganz Gelsenkirchen<\/strong><\/p>\n\n\n\n<p>Die Gro\u00dfstadt Gelsenkirchen, entstanden im Jahre 1928 aus dem Zusammenschluss der St\u00e4dte Gelsenkirchen, Buer und der Landgemeinde Horst\/ Emscher, war bis zum 31. 03. 1983 die einzige Stadt Deutschlands mit zwei Postleitzahlen, und zwar:<\/p>\n\n\n\n<p>4650 f\u00fcr den Bereich Gelsenkirchen und Horst<\/p>\n\n\n\n<p>4660 f\u00fcr den Bereich Buer.<\/p>\n\n\n\n<p>Dies sollte sich zum 1. April 1983 \u00e4ndern. Aus diesem Anlass gaben die Gelsenkirchener Briefmarkenfreunde 1967 e. V. die \u201ePoststempelkladde Gelsenkirchen \u2013 Post\u00e4mter und Poststellen im Bereich des Hauptpostamtes 4650 Gelsenkirchen\u201c heraus.<\/p>\n\n\n\n<p><a href=\"https:\/\/bn-sportfoto.de\/briefmarken\/gelsenkirchener-postgeschichte\/einfuehrung-der-postleitzahl-4650-in-ganz-gelsenkirchen\/\" data-type=\"page\" data-id=\"432\">Lesen Sie hier mehr \u00fcber die Einf\u00fchrung der Postleitzahl 4650 in ganz Gelsenkirchen. <\/a><\/p>\n<\/div><\/div>\n<\/div><\/div>\n\n\n\n<hr class=\"wp-block-separator has-alpha-channel-opacity is-style-wide\"\/>\n\n\n\n<div class=\"wp-block-group\"><div class=\"wp-block-group__inner-container is-layout-constrained wp-block-group-is-layout-constrained\"><div class=\"wp-block-image is-resized\">\n<figure class=\"alignleft size-medium\"><img loading=\"lazy\" decoding=\"async\" width=\"300\" height=\"178\" src=\"https:\/\/bn-sportfoto.de\/briefmarken\/wp-content\/uploads\/2020\/03\/Stadtpost_3Pf-1-300x178.jpg\" alt=\"\" class=\"wp-image-230\" srcset=\"https:\/\/bn-sportfoto.de\/briefmarken\/wp-content\/uploads\/2020\/03\/Stadtpost_3Pf-1-300x178.jpg 300w, https:\/\/bn-sportfoto.de\/briefmarken\/wp-content\/uploads\/2020\/03\/Stadtpost_3Pf-1-1024x609.jpg 1024w, https:\/\/bn-sportfoto.de\/briefmarken\/wp-content\/uploads\/2020\/03\/Stadtpost_3Pf-1-768x457.jpg 768w, https:\/\/bn-sportfoto.de\/briefmarken\/wp-content\/uploads\/2020\/03\/Stadtpost_3Pf-1-1536x913.jpg 1536w, https:\/\/bn-sportfoto.de\/briefmarken\/wp-content\/uploads\/2020\/03\/Stadtpost_3Pf-1.jpg 1800w\" sizes=\"auto, (max-width: 300px) 100vw, 300px\" \/><\/figure>\n<\/div>\n\n\n<p><strong>Stadtpost Gelsenkirchen<\/strong><\/p>\n\n\n\n<p>Gelsenkirchen, mit damals 31.582 Einwohnern, bekam am 26. Juli 1897 eine Privat-Postanstalt.<\/p>\n\n\n\n<p><a href=\"https:\/\/bn-sportfoto.de\/briefmarken\/stadtpost-gelsenkirchen\/\">Lesen Sie hier mehr \u00fcber die kurze Geschichte der \u201ePrivat-Brief-Bef\u00f6rderungs-Anstalt-Gelsenkirchen\u201c.<\/a><\/p>\n<\/div><\/div>\n<\/div><\/div>\n\n\n\n<hr class=\"wp-block-separator has-css-opacity is-style-wide\"\/>\n\n\n\n<div class=\"wp-block-group\"><div class=\"wp-block-group__inner-container is-layout-flow wp-block-group-is-layout-flow\"><div class=\"wp-block-image is-resized\">\n<figure class=\"alignleft size-medium\"><img loading=\"lazy\" decoding=\"async\" width=\"300\" height=\"189\" src=\"https:\/\/bn-sportfoto.de\/briefmarken\/wp-content\/uploads\/2020\/04\/Schalke_Postkarte-1-300x189.jpg\" alt=\"\" class=\"wp-image-262\" srcset=\"https:\/\/bn-sportfoto.de\/briefmarken\/wp-content\/uploads\/2020\/04\/Schalke_Postkarte-1-300x189.jpg 300w, https:\/\/bn-sportfoto.de\/briefmarken\/wp-content\/uploads\/2020\/04\/Schalke_Postkarte-1-1024x646.jpg 1024w, https:\/\/bn-sportfoto.de\/briefmarken\/wp-content\/uploads\/2020\/04\/Schalke_Postkarte-1-768x484.jpg 768w, https:\/\/bn-sportfoto.de\/briefmarken\/wp-content\/uploads\/2020\/04\/Schalke_Postkarte-1-1536x969.jpg 1536w, https:\/\/bn-sportfoto.de\/briefmarken\/wp-content\/uploads\/2020\/04\/Schalke_Postkarte-1.jpg 1903w\" sizes=\"auto, (max-width: 300px) 100vw, 300px\" \/><\/figure>\n<\/div>\n\n\n<p><strong>Das Postamt in Schalke<br><\/strong><\/p>\n\n\n\n<p>Ab 1848 geh\u00f6rt Schalke zum Landzustellbezirk des Postamtes Gelsenkirchen. Ein Postamt 2. Klasse mit Landzustellbezirk f\u00fcr He\u00dfler, Braubauerschaft und Bismarck wird am 1. September 1873 im Hause Friedrichstra\u00dfe 192 (heute Schalker Stra\u00dfe) er\u00f6ffnet.<\/p>\n\n\n\n<p><a href=\"https:\/\/bn-sportfoto.de\/briefmarken\/das-postamt-in-schalke\/\">Lesen Sie hier mehr \u00fcber die Geschichte des Postamts in Schalke.<\/a><\/p>\n<\/div><\/div>\n\n\n\n<hr class=\"wp-block-separator has-css-opacity is-style-wide\"\/>\n\n\n\n<p><\/p>\n\n\n\n<p><\/p>\n","protected":false},"excerpt":{"rendered":"<p>An dieser Stelle ver\u00f6ffentlichen die \u201eGelsenkirchener Briefmarkenfreunde 1967 e. V.\u201c in loser Folge Berichte \u00fcber die Gelsenkirchener Postgeschichte. Das Postamt<\/p>\n","protected":false},"author":1,"featured_media":0,"parent":0,"menu_order":0,"comment_status":"closed","ping_status":"closed","template":"","meta":{"footnotes":""},"class_list":["post-78","page","type-page","status-publish","hentry"],"_links":{"self":[{"href":"https:\/\/bn-sportfoto.de\/briefmarken\/wp-json\/wp\/v2\/pages\/78","targetHints":{"allow":["GET"]}}],"collection":[{"href":"https:\/\/bn-sportfoto.de\/briefmarken\/wp-json\/wp\/v2\/pages"}],"about":[{"href":"https:\/\/bn-sportfoto.de\/briefmarken\/wp-json\/wp\/v2\/types\/page"}],"author":[{"embeddable":true,"href":"https:\/\/bn-sportfoto.de\/briefmarken\/wp-json\/wp\/v2\/users\/1"}],"replies":[{"embeddable":true,"href":"https:\/\/bn-sportfoto.de\/briefmarken\/wp-json\/wp\/v2\/comments?post=78"}],"version-history":[{"count":2,"href":"https:\/\/bn-sportfoto.de\/briefmarken\/wp-json\/wp\/v2\/pages\/78\/revisions"}],"predecessor-version":[{"id":844,"href":"https:\/\/bn-sportfoto.de\/briefmarken\/wp-json\/wp\/v2\/pages\/78\/revisions\/844"}],"wp:attachment":[{"href":"https:\/\/bn-sportfoto.de\/briefmarken\/wp-json\/wp\/v2\/media?parent=78"}],"curies":[{"name":"wp","href":"https:\/\/api.w.org\/{rel}","templated":true}]}}