{"id":757,"date":"2026-01-01T17:22:15","date_gmt":"2026-01-01T16:22:15","guid":{"rendered":"https:\/\/bn-sportfoto.de\/briefmarken\/?page_id=757"},"modified":"2026-02-13T20:08:52","modified_gmt":"2026-02-13T19:08:52","slug":"das-postamt-in-hessler","status":"publish","type":"page","link":"https:\/\/bn-sportfoto.de\/briefmarken\/gelsenkirchener-postgeschichte\/das-postamt-in-hessler\/","title":{"rendered":"Das Postamt in He\u00dfler"},"content":{"rendered":"\n<p>He\u00dfler war urspr\u00fcnglich eine aus Einzelh\u00f6fen bestehende westf\u00e4lische Bauerschaft und lag im \u00e4u\u00dfersten nordwestlichen Zipfel der Grafschaft Mark. Seit dem 19. Jahrhundert bildete He\u00dfler eine Landgemeinde in der preu\u00dfischen Provinz Westfalen.<\/p>\n\n\n<div class=\"wp-block-image\">\n<figure class=\"aligncenter size-full is-resized\"><img loading=\"lazy\" decoding=\"async\" width=\"698\" height=\"439\" src=\"https:\/\/bn-sportfoto.de\/briefmarken\/wp-content\/uploads\/2026\/01\/Hessler_Ansichtskarte-1.png\" alt=\"\" class=\"wp-image-758\" style=\"width:698px;height:auto\" srcset=\"https:\/\/bn-sportfoto.de\/briefmarken\/wp-content\/uploads\/2026\/01\/Hessler_Ansichtskarte-1.png 698w, https:\/\/bn-sportfoto.de\/briefmarken\/wp-content\/uploads\/2026\/01\/Hessler_Ansichtskarte-1-300x189.png 300w\" sizes=\"auto, (max-width: 698px) 100vw, 698px\" \/><figcaption class=\"wp-element-caption\">Eine historische Postkarte aus He\u00dfler (ca. 1900) zeigt das Restaurant Zum Kaiserhain. <br>(Quelle: Sammlung Walter Mielenz).<\/figcaption><\/figure>\n<\/div>\n\n\n<p>Die Gemeinde geh\u00f6rte zun\u00e4chst zum Amt Wattenscheid des Kreises Bochum. Ab 1868 dann zum Amt Gelsenkirchen und ab 1876 zum Amt Schalke. Dieses geh\u00f6rte dann wiederum ab dem 1. Juli 1885 zum neuen Kreis Gelsenkirchen. Zum 1. April 1903 wurde He\u00dfler zusammen mit weiteren Gemeinden in die kreisfreie Stadt Gelsenkirchen eingemeindet.<\/p>\n\n\n\n<p>Postalisch geh\u00f6rte die Gemeinde He\u00dfler ab dem Jahr 1848 zum Landzustellbezirk des Postamtes Gelsenkirchen. Zum 1. September 1873 wurde Hessler dann zusammen mit der Braubauerschaft und Bismarck dem Landzustellbezirk des Postamtes Schalke zugeordnet.<\/p>\n\n\n\n<p>Im Jahre 1881 erfolgte die Er\u00f6ffnung einer Postagentur im Hause Reichsstra\u00dfe 17. Diese wurde zum 1. April 1900 zu einem Postamt 3. Klasse ernannt. 1902 zog die Post in ein neu errichtetes Haus in der Friedenstra\u00dfe 31.<br>Die beiden folgenden Briefe aus den Jahren 1900 und 1901 tragen einen Einkreisstempel \u201eHESSLER\u201c mit Datumsangabe, Uhrzeit und Tageszeit.<\/p>\n\n\n<div class=\"wp-block-image\">\n<figure class=\"aligncenter size-full is-resized\"><img loading=\"lazy\" decoding=\"async\" width=\"698\" height=\"461\" src=\"https:\/\/bn-sportfoto.de\/briefmarken\/wp-content\/uploads\/2026\/01\/Hessler_1900_Karte-1.png\" alt=\"\" class=\"wp-image-759\" style=\"aspect-ratio:1.5141127831417431;width:686px;height:auto\" srcset=\"https:\/\/bn-sportfoto.de\/briefmarken\/wp-content\/uploads\/2026\/01\/Hessler_1900_Karte-1.png 698w, https:\/\/bn-sportfoto.de\/briefmarken\/wp-content\/uploads\/2026\/01\/Hessler_1900_Karte-1-300x198.png 300w\" sizes=\"auto, (max-width: 698px) 100vw, 698px\" \/><figcaption class=\"wp-element-caption\">Postkarte vom 8. Januar 1900 mit Einkreisstempel \u201eHESSLER\u201c nach Bodelschwingh bei Mengede, mit Ankunftsstempel \u201eBODELSCHWINGH\u201c vom 9. Januar 1900 (Quelle: Sammlung Walter Mielenz).<\/figcaption><\/figure>\n<\/div>\n\n<div class=\"wp-block-image\">\n<figure class=\"aligncenter size-full is-resized\"><img loading=\"lazy\" decoding=\"async\" width=\"698\" height=\"450\" src=\"https:\/\/bn-sportfoto.de\/briefmarken\/wp-content\/uploads\/2026\/01\/Hessler_1901_Karte-1.png\" alt=\"\" class=\"wp-image-760\" style=\"width:698px;height:auto\" srcset=\"https:\/\/bn-sportfoto.de\/briefmarken\/wp-content\/uploads\/2026\/01\/Hessler_1901_Karte-1.png 698w, https:\/\/bn-sportfoto.de\/briefmarken\/wp-content\/uploads\/2026\/01\/Hessler_1901_Karte-1-300x193.png 300w\" sizes=\"auto, (max-width: 698px) 100vw, 698px\" \/><figcaption class=\"wp-element-caption\">Postkarte vom 2. Mai 1901 mit Einkreisstempel \u201eHESSLER\u201c, zwei Sternen und Uhrzeit. Statt der Zahl 2 wurden zwei lange Striche und als Datumsstrich ein kurzer Strich eingesetzt (Quelle: Sammlung Walter Mielenz).<\/figcaption><\/figure>\n<\/div>\n\n\n<p>Mit der Eingemeindung 1903 erh\u00e4lt das Postamt He\u00dfler die Bezeichnung Gelsenkirchen 7. Es blieb aber weiterhin bis zum 1. April 1930 selbstst\u00e4ndig und wurde dann dem Hauptpostamt Gelsenkirchen unterstellt. Verwendet wurden in dieser Zeit Gitterbr\u00fcckenstempel \u201eGELSENKIRCHEN 7\u201c mit zwei Sternen und Postamtsnummer, wie auf dieser nachfolgenden Postkarte aus dem Jahre 1905.<\/p>\n\n\n<div class=\"wp-block-image\">\n<figure class=\"aligncenter size-full\"><img loading=\"lazy\" decoding=\"async\" width=\"698\" height=\"453\" src=\"https:\/\/bn-sportfoto.de\/briefmarken\/wp-content\/uploads\/2026\/01\/Hessler_1905_Karte-1.png\" alt=\"\" class=\"wp-image-761\" srcset=\"https:\/\/bn-sportfoto.de\/briefmarken\/wp-content\/uploads\/2026\/01\/Hessler_1905_Karte-1.png 698w, https:\/\/bn-sportfoto.de\/briefmarken\/wp-content\/uploads\/2026\/01\/Hessler_1905_Karte-1-300x195.png 300w\" sizes=\"auto, (max-width: 698px) 100vw, 698px\" \/><figcaption class=\"wp-element-caption\">Postkarte von Gelsenkirchen-He\u00dfler nach Hermannsburg vom 7. August 1905 mit Gitterbr\u00fcckenstempel \u201eGELSENKIRCHEN 7\u201c zwei Sternen und Postamtsnummer 7 (Quelle: Sammlung Walter Mielenz).<\/figcaption><\/figure>\n<\/div>\n\n\n<p>In den 1930er Jahren wurden in He\u00dfler die Kreisstegstempel mit der Bezeichnung \u201eGELSENKIRCHEN 7\u201c verwendet, wie auf dem folgenden Einschreiben vom 22. Juli 1937.<\/p>\n\n\n<div class=\"wp-block-image\">\n<figure class=\"aligncenter size-full is-resized\"><img loading=\"lazy\" decoding=\"async\" width=\"698\" height=\"488\" src=\"https:\/\/bn-sportfoto.de\/briefmarken\/wp-content\/uploads\/2026\/01\/Hessler_1937_Karte-1.png\" alt=\"\" class=\"wp-image-762\" style=\"width:698px;height:auto\" srcset=\"https:\/\/bn-sportfoto.de\/briefmarken\/wp-content\/uploads\/2026\/01\/Hessler_1937_Karte-1.png 698w, https:\/\/bn-sportfoto.de\/briefmarken\/wp-content\/uploads\/2026\/01\/Hessler_1937_Karte-1-300x210.png 300w\" sizes=\"auto, (max-width: 698px) 100vw, 698px\" \/><figcaption class=\"wp-element-caption\">Einschreiben vom 22. Juli 1937 mit Kreisstegstempel mit der Bezeichnung \u201eGELSENKIRCHEN 7\u201c mit einem Stern, Postamtsnummer 7 und Unterscheidungsbuchstabe &#8222;a&#8220; (Quelle: Sammlung Walter Mielenz).<\/figcaption><\/figure>\n<\/div>\n\n\n<p>Am 5. M\u00e4rz 1945 wurde das Postgeb\u00e4ude durch Bombentreffer zerst\u00f6rt. Eine Wiederaufnahme des Postdienstes erfolgte im Hause Fersenbruch 22.<\/p>\n\n\n\n<p>Der letzte Umzug des Postamts He\u00dfler erfolgte in das Haus Kanzlerstr. 29, wo es dann bis zur Schlie\u00dfung am 31. M\u00e4rz 1998 beheimatet war. Nach dem 2. Weltkrieg bis in die 1960er Jahre wurde weiterhin der Kreisstegstempel \u201eGELSENKIRCHEN 7\u201c verwendet. Allerdings wurden der Stern und Buchstabe entfernt, wie im folgenden Einschreibebrief zu sehen.<\/p>\n\n\n<div class=\"wp-block-image\">\n<figure class=\"aligncenter size-full is-resized\"><img loading=\"lazy\" decoding=\"async\" width=\"698\" height=\"434\" src=\"https:\/\/bn-sportfoto.de\/briefmarken\/wp-content\/uploads\/2026\/01\/Hessler_1953_Brief-1.png\" alt=\"\" class=\"wp-image-763\" style=\"width:698px;height:auto\" srcset=\"https:\/\/bn-sportfoto.de\/briefmarken\/wp-content\/uploads\/2026\/01\/Hessler_1953_Brief-1.png 698w, https:\/\/bn-sportfoto.de\/briefmarken\/wp-content\/uploads\/2026\/01\/Hessler_1953_Brief-1-300x187.png 300w\" sizes=\"auto, (max-width: 698px) 100vw, 698px\" \/><figcaption class=\"wp-element-caption\">Einschreibebrief aus Gelsenkirchen-He\u00dfler nach Essen-R\u00fcttenscheid vom 30. November 1953 mit Kreisstegstempel \u201eGELSENKIRCHEN 7\u201c (Quelle: Sammlung Walter Mielenz).<\/figcaption><\/figure>\n<\/div>\n\n\n<p>Ab 1963 erhielt das Postamt die neue Bezeichnung \u201e465 Gelsenkirchen 7\u201c. Die Deutsche Bundespost verwendete nun Kreisstempel mit Stegsegment oben, darin der Unterscheidungsbuchstabe. Unten befand sich die dreistellige Postleitzahl, zu sehen im folgenden Wertbrief.<\/p>\n\n\n<div class=\"wp-block-image\">\n<figure class=\"aligncenter size-full is-resized\"><img loading=\"lazy\" decoding=\"async\" width=\"698\" height=\"390\" src=\"https:\/\/bn-sportfoto.de\/briefmarken\/wp-content\/uploads\/2026\/01\/Hessler_1978_Brief-1.png\" alt=\"\" class=\"wp-image-764\" style=\"width:698px;height:auto\" srcset=\"https:\/\/bn-sportfoto.de\/briefmarken\/wp-content\/uploads\/2026\/01\/Hessler_1978_Brief-1.png 698w, https:\/\/bn-sportfoto.de\/briefmarken\/wp-content\/uploads\/2026\/01\/Hessler_1978_Brief-1-300x168.png 300w\" sizes=\"auto, (max-width: 698px) 100vw, 698px\" \/><figcaption class=\"wp-element-caption\">Wertbrief \u00fcber 100 DM von Gelsenkirchen-He\u00dfler nach Gelsenkirchen-Schalke vom 2. Oktober 1978  mit Kreisstempel mit Stegsegment \u201e465 Gelsenkirchen 7\u201c (Quelle: Sammlung Walter Mielenz).<\/figcaption><\/figure>\n<\/div>\n\n\n<p>Mit der <a href=\"https:\/\/bn-sportfoto.de\/briefmarken\/gelsenkirchener-postgeschichte\/einfuehrung-der-postleitzahl-4650-in-ganz-gelsenkirchen\/\" data-type=\"page\" data-id=\"432\">Vereinheitlichung der vierstelligen Postleitzahlen in Gelsenkirchen und Buer<\/a> am 2. April 1983 erhielt das Postamt He\u00dfler die Bezeichnung \u201e4650 Gelsenkirchen 14\u201c.<\/p>\n\n\n<div class=\"wp-block-image\">\n<figure class=\"aligncenter size-full is-resized\"><img loading=\"lazy\" decoding=\"async\" width=\"698\" height=\"203\" src=\"https:\/\/bn-sportfoto.de\/briefmarken\/wp-content\/uploads\/2026\/01\/Hessler_1983_Stempel-1.png\" alt=\"\" class=\"wp-image-765\" style=\"width:698px;height:auto\" srcset=\"https:\/\/bn-sportfoto.de\/briefmarken\/wp-content\/uploads\/2026\/01\/Hessler_1983_Stempel-1.png 698w, https:\/\/bn-sportfoto.de\/briefmarken\/wp-content\/uploads\/2026\/01\/Hessler_1983_Stempel-1-300x87.png 300w\" sizes=\"auto, (max-width: 698px) 100vw, 698px\" \/><figcaption class=\"wp-element-caption\">Am 31. M\u00e4rz 1983 war der Stempel \u201e465 Gelsenkirchen 7\u201c letztmalig im Einsatz (links).  Der neue Stempel \u201e4650 Gelsenkirchen 14\u201c  war erstmalig am 2. April 1983 im Einsatz (rechts). (Quelle: Poststempelkladde Gelsenkirchen der Gelsenkirchener Briefmarkenfreunde 1967 e. V.)<\/figcaption><\/figure>\n<\/div>\n\n\n<p>Zum 1. April 1998 erfolgte die Er\u00f6ffnung einer Postagentur in der Lotto-Annahmestelle Marlis Weinand am Fersenbruch 22 mit der Bezeichnung \u201e45879 Gelsenkirchen 1 zw\u201c. <\/p>\n\n\n\n<p>Heute befindet sich nur wenige H\u00e4user weiter, im Fersenbruch 28, die Postfiliale 667 im \u201eHe\u00dfler-Markt\u201c. Der Supermarkt mit Post ist zentral im Stadtteil an der Ecke Grimmstra\u00dfe\/ Fersenbruch gelegen. Angeboten werden in der Postfiliale 667 diverse Brief- und Paketdiensteliestungen. Die Stempelbezeichnung lautet \u201e45883 Gelsenkirchen 16 mw\u201c.<\/p>\n\n\n<div class=\"wp-block-image\">\n<figure class=\"aligncenter size-full is-resized\"><img loading=\"lazy\" decoding=\"async\" width=\"698\" height=\"476\" src=\"https:\/\/bn-sportfoto.de\/briefmarken\/wp-content\/uploads\/2026\/01\/Hessler_2025_Stempel-1.png\" alt=\"\" class=\"wp-image-767\" style=\"width:698px;height:auto\" srcset=\"https:\/\/bn-sportfoto.de\/briefmarken\/wp-content\/uploads\/2026\/01\/Hessler_2025_Stempel-1.png 698w, https:\/\/bn-sportfoto.de\/briefmarken\/wp-content\/uploads\/2026\/01\/Hessler_2025_Stempel-1-300x205.png 300w\" sizes=\"auto, (max-width: 698px) 100vw, 698px\" \/><figcaption class=\"wp-element-caption\">Stempel mit der Bezeichnung \u201e45883 Gelsenkirchen 16 mw\u201c aus der Postfiliale 667 im He\u00dfler-Markt vom 21. Oktober 2025. (Quelle: Sammlung Benjamin Neumann).<\/figcaption><\/figure>\n<\/div>","protected":false},"excerpt":{"rendered":"<p>He\u00dfler war urspr\u00fcnglich eine aus Einzelh\u00f6fen bestehende westf\u00e4lische Bauerschaft und lag im \u00e4u\u00dfersten nordwestlichen Zipfel der Grafschaft Mark. Seit dem<\/p>\n","protected":false},"author":1,"featured_media":772,"parent":78,"menu_order":0,"comment_status":"closed","ping_status":"closed","template":"","meta":{"footnotes":""},"class_list":["post-757","page","type-page","status-publish","has-post-thumbnail","hentry"],"_links":{"self":[{"href":"https:\/\/bn-sportfoto.de\/briefmarken\/wp-json\/wp\/v2\/pages\/757","targetHints":{"allow":["GET"]}}],"collection":[{"href":"https:\/\/bn-sportfoto.de\/briefmarken\/wp-json\/wp\/v2\/pages"}],"about":[{"href":"https:\/\/bn-sportfoto.de\/briefmarken\/wp-json\/wp\/v2\/types\/page"}],"author":[{"embeddable":true,"href":"https:\/\/bn-sportfoto.de\/briefmarken\/wp-json\/wp\/v2\/users\/1"}],"replies":[{"embeddable":true,"href":"https:\/\/bn-sportfoto.de\/briefmarken\/wp-json\/wp\/v2\/comments?post=757"}],"version-history":[{"count":2,"href":"https:\/\/bn-sportfoto.de\/briefmarken\/wp-json\/wp\/v2\/pages\/757\/revisions"}],"predecessor-version":[{"id":836,"href":"https:\/\/bn-sportfoto.de\/briefmarken\/wp-json\/wp\/v2\/pages\/757\/revisions\/836"}],"up":[{"embeddable":true,"href":"https:\/\/bn-sportfoto.de\/briefmarken\/wp-json\/wp\/v2\/pages\/78"}],"wp:featuredmedia":[{"embeddable":true,"href":"https:\/\/bn-sportfoto.de\/briefmarken\/wp-json\/wp\/v2\/media\/772"}],"wp:attachment":[{"href":"https:\/\/bn-sportfoto.de\/briefmarken\/wp-json\/wp\/v2\/media?parent=757"}],"curies":[{"name":"wp","href":"https:\/\/api.w.org\/{rel}","templated":true}]}}