{"id":581,"date":"2023-12-31T13:20:09","date_gmt":"2023-12-31T12:20:09","guid":{"rendered":"https:\/\/bn-sportfoto.de\/briefmarken\/?page_id=581"},"modified":"2026-02-13T20:16:53","modified_gmt":"2026-02-13T19:16:53","slug":"das-postamt-in-rotthausen","status":"publish","type":"page","link":"https:\/\/bn-sportfoto.de\/briefmarken\/gelsenkirchener-postgeschichte\/das-postamt-in-rotthausen\/","title":{"rendered":"Das Postamt in Rotthausen"},"content":{"rendered":"\n<p>Bis zum Jahr 1873 geh\u00f6rte Rotthausen zum Landbestellbezirk Gelsenkirchen. Da Rotthausen aber im Landkreis Essen und somit im Rheinland lag, wurde es 1881 der Oberpostdirektion (OPD) D\u00fcsseldorf zugeordnet. <\/p>\n\n\n<div class=\"wp-block-image\">\n<figure class=\"aligncenter size-full is-resized\"><img loading=\"lazy\" decoding=\"async\" width=\"698\" height=\"442\" src=\"https:\/\/bn-sportfoto.de\/briefmarken\/wp-content\/uploads\/2023\/12\/Rotthausen_Postkarte-1.png\" alt=\"\" class=\"wp-image-584\" style=\"width:666px\" srcset=\"https:\/\/bn-sportfoto.de\/briefmarken\/wp-content\/uploads\/2023\/12\/Rotthausen_Postkarte-1.png 698w, https:\/\/bn-sportfoto.de\/briefmarken\/wp-content\/uploads\/2023\/12\/Rotthausen_Postkarte-1-300x190.png 300w\" sizes=\"auto, (max-width: 698px) 100vw, 698px\" \/><figcaption class=\"wp-element-caption\">Eine historische Postkarte der Karl-Meyer-Stra\u00dfe. (Quelle: Sammlung Walter Mielenz).<\/figcaption><\/figure>\n<\/div>\n\n\n<p>Am 1. Juni 1881 er\u00f6ffnete eine Postagentur in der Karl-Meyer-Str. 10, die dem Postamt Essen-Kray der OPD D\u00fcsseldorf unterstellt war. Die offizielle Bezeichnung lautete \u201eRotthausen Kr. Essen\u201c. 1885 erfolgte ein Umzug in das Haus Karl-Meyer-Str. 72. Am 1. August 1891 wurde aus der Postagentur ein Postamt 3. Klasse mit gleichzeitigem Umzug zur Karl-Meyer-Str. 38. Eine Ernennung zum Postamt 2. Klasse und ein Umzug zur Karl-Meyer-Str. 44 erfolgten am 1. Dezember 1922.<\/p>\n\n\n<div class=\"wp-block-image\">\n<figure class=\"aligncenter size-full is-resized\"><img loading=\"lazy\" decoding=\"async\" width=\"666\" height=\"428\" src=\"https:\/\/bn-sportfoto.de\/briefmarken\/wp-content\/uploads\/2023\/12\/Rotthausen_Postkarte_1914-1.png\" alt=\"\" class=\"wp-image-582\" style=\"width:666px;height:auto\" srcset=\"https:\/\/bn-sportfoto.de\/briefmarken\/wp-content\/uploads\/2023\/12\/Rotthausen_Postkarte_1914-1.png 666w, https:\/\/bn-sportfoto.de\/briefmarken\/wp-content\/uploads\/2023\/12\/Rotthausen_Postkarte_1914-1-300x193.png 300w\" sizes=\"auto, (max-width: 666px) 100vw, 666px\" \/><figcaption class=\"wp-element-caption\">Eine Postkarte aus Rotthausen nach H\u00f6sel mit dem Br\u00fcckenstempel vom 9. September 1914 mit der Bezeichnung \u201eRotthausen Kr. Essen\u201c. Die Stege der Br\u00fccke sind ausgebrochen. <br>(Quelle: Sammlung Walter Mielenz).<\/figcaption><\/figure>\n<\/div>\n\n\n<p>Am 1. Januar 1924 wurde die Landgemeinde Rotthausen aus dem Landkreis Essen und somit der Rheinprovinz ausgegliedert und zur Stadt Gelsenkirchen in der Provinz Westfalen eingemeindet. Zum 1. August des Jahres wurde das Postamt nun Zweigstelle des Postamtes Gelsenkirchen mit der Bezeichnung \u201eGelsenkirchen 4\u201c. Diese wurde vom ehemaligen Postamt \u201eBraubauerschaft\u201c in Bismarck \u00fcbernommen, das die Bezeichnung \u201eGelsenkirchen 4\u201c vom 1. April 1903 bis zur Schlie\u00dfung im Februar 1924 im Poststempel trug. Durch zwei Bombenvolltreffer wird das Postgeb\u00e4ude am 13. M\u00e4rz 1945 vollst\u00e4ndig zerst\u00f6rt. Eine Wiederaufnahme des Postbetriebs in Rotthausen erfolgte 1946 zun\u00e4chst in der Robert-Schmidt-Str. 5. Es folgten noch zwei Umz\u00fcge, zun\u00e4chst in die Karl-Meyer-Str. 17 und zuletzt in die Karl-Meyer-Str. 54. Im Jahr 1963 erhielt das Postamt die Bezeichnung \u201e465 Gelsenkirchen 4\u201c.<\/p>\n\n\n<div class=\"wp-block-image\">\n<figure class=\"aligncenter size-full\"><img loading=\"lazy\" decoding=\"async\" width=\"696\" height=\"468\" src=\"https:\/\/bn-sportfoto.de\/briefmarken\/wp-content\/uploads\/2023\/12\/Rotthausen_Einschreiben_1961-1.png\" alt=\"\" class=\"wp-image-583\" srcset=\"https:\/\/bn-sportfoto.de\/briefmarken\/wp-content\/uploads\/2023\/12\/Rotthausen_Einschreiben_1961-1.png 696w, https:\/\/bn-sportfoto.de\/briefmarken\/wp-content\/uploads\/2023\/12\/Rotthausen_Einschreiben_1961-1-300x202.png 300w\" sizes=\"auto, (max-width: 696px) 100vw, 696px\" \/><figcaption class=\"wp-element-caption\">Ein Einschreiben aus Rotthausen nach Rheinhausen-Hochemmerich mit einem Br\u00fcckenstempel vom 5. Juni 1961 mit der Bezeichnung \u201e(21a) Gelsenkirchen 4\u201c und dem Unterscheidungsbuchstaben \u201eb\u201c. <br>(Quelle: Sammlung Walter Mielenz).<\/figcaption><\/figure>\n<\/div>\n\n\n<p>Gelsenkirchen war bis zum 31. M\u00e4rz 1983 die einzige Stadt Deutschlands mit zwei Postleitzahlen. 4650 f\u00fcr den Bereich Gelsenkirchen und Horst sowie 4660 f\u00fcr den Bereich Buer. Mit Wirkung vom 1. April 1983 erhielten alle Post\u00e4mter und Poststellen Gelsenkirchens die Postleitzahl 4650. Das Postamt Rotthausen wurde fortan unter der Bezeichnung \u201e4650 Gelsenkirchen 4\u201c gef\u00fchrt. Mit der Einf\u00fchrung der f\u00fcnfstelligen Postleitzahlen am 1. Juli 1993 erhielt das Postamt die Bezeichnung \u201e45884 Gelsenkirchen 4\u201c.<br><\/p>\n\n\n\n<p>Anfang der 2000er Jahre wurde das Postamt in Rotthausen geschlossen. Den Service \u00fcbernahm ein Lottogesch\u00e4ft mit Postfiliale am Ernst-K\u00e4semann-Platz (Rotthauser Markt). Nachdem der Besitzer des Gesch\u00e4fts in den Ruhestand ging, wurde die Postfiliale 575 an der Karl-Meyer-Str. 16 in der \u201eDrogerie Scholz\u201c er\u00f6ffnet. Dort werden bis heute Postdienstleistungen angeboten.<\/p>\n","protected":false},"excerpt":{"rendered":"<p>Bis zum Jahr 1873 geh\u00f6rte Rotthausen zum Landbestellbezirk Gelsenkirchen. Da Rotthausen aber im Landkreis Essen und somit im Rheinland lag,<\/p>\n","protected":false},"author":1,"featured_media":0,"parent":78,"menu_order":0,"comment_status":"closed","ping_status":"closed","template":"","meta":{"footnotes":""},"class_list":["post-581","page","type-page","status-publish","hentry"],"_links":{"self":[{"href":"https:\/\/bn-sportfoto.de\/briefmarken\/wp-json\/wp\/v2\/pages\/581","targetHints":{"allow":["GET"]}}],"collection":[{"href":"https:\/\/bn-sportfoto.de\/briefmarken\/wp-json\/wp\/v2\/pages"}],"about":[{"href":"https:\/\/bn-sportfoto.de\/briefmarken\/wp-json\/wp\/v2\/types\/page"}],"author":[{"embeddable":true,"href":"https:\/\/bn-sportfoto.de\/briefmarken\/wp-json\/wp\/v2\/users\/1"}],"replies":[{"embeddable":true,"href":"https:\/\/bn-sportfoto.de\/briefmarken\/wp-json\/wp\/v2\/comments?post=581"}],"version-history":[{"count":1,"href":"https:\/\/bn-sportfoto.de\/briefmarken\/wp-json\/wp\/v2\/pages\/581\/revisions"}],"predecessor-version":[{"id":845,"href":"https:\/\/bn-sportfoto.de\/briefmarken\/wp-json\/wp\/v2\/pages\/581\/revisions\/845"}],"up":[{"embeddable":true,"href":"https:\/\/bn-sportfoto.de\/briefmarken\/wp-json\/wp\/v2\/pages\/78"}],"wp:attachment":[{"href":"https:\/\/bn-sportfoto.de\/briefmarken\/wp-json\/wp\/v2\/media?parent=581"}],"curies":[{"name":"wp","href":"https:\/\/api.w.org\/{rel}","templated":true}]}}