{"id":55,"date":"2019-12-30T20:07:12","date_gmt":"2019-12-30T19:07:12","guid":{"rendered":"https:\/\/bn-sportfoto.de\/briefmarken\/?page_id=52"},"modified":"2019-12-30T20:07:12","modified_gmt":"2019-12-30T19:07:12","slug":"impressum","status":"publish","type":"page","link":"https:\/\/bn-sportfoto.de\/briefmarken\/impressum\/","title":{"rendered":"Impressum"},"content":{"rendered":"\n<p><strong>Herausgeber:<\/strong><br>Gelsenkirchener Briefmarkenfreunde 1967 e. V.  \u00a0 <br>c\/o  DGB-Haus der Jugend  <br>Gabelsbergerstra\u00dfe 12   <br>45879 Gelsenkirchen <\/p>\n\n\n\n<p><strong>Email:<\/strong> info@briefmarkenfreunde-ge.de<\/p>\n\n\n\n<p><strong>Web:<\/strong> www.briefmarkenfreunde-ge.de <\/p>\n\n\n\n<p><strong>Registergericht:<\/strong> Amtsgericht Gelsenkirchen<\/p>\n\n\n\n<p><strong>Vereinsregisternummer:<\/strong> 830<\/p>\n\n\n\n<p><strong>Verantwortlich gem\u00e4\u00df \u00a7 6 MDStV:<\/strong><br>Friedrich Braun, Vorsitzender<\/p>\n\n\n\n<p><strong>Technische Umsetzung und redaktionelle Betreuung:<\/strong><br>Gelsenkirchener Briefmarkenfreunde 1967 e. V. <br>Benjamin Neumann \u00a0 <br>c\/o  DGB-Haus der Jugend  <br>Gabelsbergerstra\u00dfe 12   <br> 45879 Gelsenkirchen  <\/p>\n\n\n\n<p><strong>Email:<\/strong> neumann.ben@gmail.com<\/p>\n\n\n\n<p>Es gilt der <a href=\"http:\/\/www.disclaimer.de\/disclaimer.htm?farbe=FFFFFF\/000000\/000000\/000000\">Haftungsausschluss<\/a>.  Die  Gelsenkirchener Briefmarkenfreunde 1967 e. V. haften nicht f\u00fcr  den Inhalt dieser Seiten. Die Verwendung von Bildern oder Texten aus  diesem Angebot ist durch Copyright gesch\u00fctzt und nur mit ausdr\u00fccklicher schriftlicher Genehmigung des Vereins gestattet. Wenn Sie Artikel oder Bilder verwenden wollen, wenden Sie sich daher bitte vorher schriftlich an den Verein. Gekennzeichnete Artikel oder Bilder anderer Verlage oder sonstiger namentlich genannter Dritter unterliegen deren Urheberschutzrecht und d\u00fcrfen nicht weiterverwendet werden. Im  Bedarfsfall helfen wir Ihnen gerne weiter. <\/p>\n","protected":false},"excerpt":{"rendered":"<p>Herausgeber:Gelsenkirchener Briefmarkenfreunde 1967 e. V. \u00a0 c\/o DGB-Haus der Jugend Gabelsbergerstra\u00dfe 12 45879 Gelsenkirchen Email: info@briefmarkenfreunde-ge.de Web: www.briefmarkenfreunde-ge.de Registergericht: Amtsgericht<\/p>\n","protected":false},"author":1,"featured_media":0,"parent":0,"menu_order":0,"comment_status":"closed","ping_status":"closed","template":"","meta":{"footnotes":""},"class_list":["post-55","page","type-page","status-publish","hentry"],"_links":{"self":[{"href":"https:\/\/bn-sportfoto.de\/briefmarken\/wp-json\/wp\/v2\/pages\/55","targetHints":{"allow":["GET"]}}],"collection":[{"href":"https:\/\/bn-sportfoto.de\/briefmarken\/wp-json\/wp\/v2\/pages"}],"about":[{"href":"https:\/\/bn-sportfoto.de\/briefmarken\/wp-json\/wp\/v2\/types\/page"}],"author":[{"embeddable":true,"href":"https:\/\/bn-sportfoto.de\/briefmarken\/wp-json\/wp\/v2\/users\/1"}],"replies":[{"embeddable":true,"href":"https:\/\/bn-sportfoto.de\/briefmarken\/wp-json\/wp\/v2\/comments?post=55"}],"version-history":[{"count":0,"href":"https:\/\/bn-sportfoto.de\/briefmarken\/wp-json\/wp\/v2\/pages\/55\/revisions"}],"wp:attachment":[{"href":"https:\/\/bn-sportfoto.de\/briefmarken\/wp-json\/wp\/v2\/media?parent=55"}],"curies":[{"name":"wp","href":"https:\/\/api.w.org\/{rel}","templated":true}]}}