{"id":271,"date":"2020-04-13T16:50:09","date_gmt":"2020-04-13T14:50:09","guid":{"rendered":"https:\/\/bn-sportfoto.de\/briefmarken\/?page_id=271"},"modified":"2020-04-13T16:50:09","modified_gmt":"2020-04-13T14:50:09","slug":"kontakt-jugend","status":"publish","type":"page","link":"https:\/\/bn-sportfoto.de\/briefmarken\/junge-briefmarkenfreunde\/kontakt-jugend\/","title":{"rendered":"Kontakt"},"content":{"rendered":"\n<p>Unsere regelm\u00e4\u00dfigen Tauschtreffen im <a href=\"https:\/\/bn-sportfoto.de\/briefmarken\/treffpunkt\/\">DGB-Haus der Jugend  (Gabelsbergerstra\u00dfe 12, 45879 Gelsenkirchen)<\/a> finden jeweils am 2. Sonntag sowie am 3. Montag im Monat statt. In Monaten mit Schulferien kann es zu Abweichungen von diesem Rhythmus kommen. <a href=\"https:\/\/bn-sportfoto.de\/briefmarken\/termine\/\">Alle Termine des Vereins gibt es hier!<\/a><\/p>\n\n\n\n<p><strong>Kontakt zum Vorstand der Jugendgruppe<\/strong><\/p>\n\n\n\n<p><strong>Vorsitzender:<\/strong><br>Friedrich Braun<br>Scharpwinkelring 134<br>44653 Herne<br>Telefon: 0 23 25 \/ 7 79 62<\/p>\n\n\n\n<p><strong>2. Vorsitzender:<\/strong><br>Matthias Leisner<\/p>\n\n\n\n<p><strong>Gesch\u00e4ftsf\u00fchrer:<\/strong><br>Benjamin Neumann<\/p>\n\n\n\n<p><strong>Kassierer:<\/strong><br>J\u00f6rg Borowski<\/p>\n\n\n\n<p><strong>Beisitzer:<\/strong><br>Denis Machein<\/p>\n\n\n\n<p><strong>O<\/strong>f<strong>fizielle Vereinsanschrift:<\/strong><br>Junge Briefmarkenfreunde Gelsenkirchen-Mitte<br>c\/o DGB-Haus der Jugend<br>Gabelsberger Str. 12<br>45879 Gelsenkirchen<\/p>\n\n\n\n<p>Jugendgruppe der Gelsenkirchener Briefmarkenfreunde 1967 e. V. (Vereinsnummer 830, Amtsgericht Gelsenkirchen)<\/p>\n","protected":false},"excerpt":{"rendered":"<p>Unsere regelm\u00e4\u00dfigen Tauschtreffen im DGB-Haus der Jugend (Gabelsbergerstra\u00dfe 12, 45879 Gelsenkirchen) finden jeweils am 2. Sonntag sowie am 3. Montag<\/p>\n","protected":false},"author":1,"featured_media":0,"parent":51,"menu_order":3,"comment_status":"closed","ping_status":"closed","template":"","meta":{"footnotes":""},"class_list":["post-271","page","type-page","status-publish","hentry"],"_links":{"self":[{"href":"https:\/\/bn-sportfoto.de\/briefmarken\/wp-json\/wp\/v2\/pages\/271","targetHints":{"allow":["GET"]}}],"collection":[{"href":"https:\/\/bn-sportfoto.de\/briefmarken\/wp-json\/wp\/v2\/pages"}],"about":[{"href":"https:\/\/bn-sportfoto.de\/briefmarken\/wp-json\/wp\/v2\/types\/page"}],"author":[{"embeddable":true,"href":"https:\/\/bn-sportfoto.de\/briefmarken\/wp-json\/wp\/v2\/users\/1"}],"replies":[{"embeddable":true,"href":"https:\/\/bn-sportfoto.de\/briefmarken\/wp-json\/wp\/v2\/comments?post=271"}],"version-history":[{"count":0,"href":"https:\/\/bn-sportfoto.de\/briefmarken\/wp-json\/wp\/v2\/pages\/271\/revisions"}],"up":[{"embeddable":true,"href":"https:\/\/bn-sportfoto.de\/briefmarken\/wp-json\/wp\/v2\/pages\/51"}],"wp:attachment":[{"href":"https:\/\/bn-sportfoto.de\/briefmarken\/wp-json\/wp\/v2\/media?parent=271"}],"curies":[{"name":"wp","href":"https:\/\/api.w.org\/{rel}","templated":true}]}}