{"id":261,"date":"2020-04-13T15:49:28","date_gmt":"2020-04-13T13:49:28","guid":{"rendered":"https:\/\/bn-sportfoto.de\/briefmarken\/?page_id=261"},"modified":"2020-04-13T15:49:28","modified_gmt":"2020-04-13T13:49:28","slug":"das-postamt-in-schalke","status":"publish","type":"page","link":"https:\/\/bn-sportfoto.de\/briefmarken\/gelsenkirchener-postgeschichte\/das-postamt-in-schalke\/","title":{"rendered":"Das Postamt in Schalke"},"content":{"rendered":"\n<figure class=\"wp-block-image size-large\"><img loading=\"lazy\" decoding=\"async\" width=\"1024\" height=\"646\" src=\"https:\/\/bn-sportfoto.de\/briefmarken\/wp-content\/uploads\/2020\/04\/Schalke_Postkarte-1-1024x646.jpg\" alt=\"\" class=\"wp-image-262\" srcset=\"https:\/\/bn-sportfoto.de\/briefmarken\/wp-content\/uploads\/2020\/04\/Schalke_Postkarte-1-1024x646.jpg 1024w, https:\/\/bn-sportfoto.de\/briefmarken\/wp-content\/uploads\/2020\/04\/Schalke_Postkarte-1-300x189.jpg 300w, https:\/\/bn-sportfoto.de\/briefmarken\/wp-content\/uploads\/2020\/04\/Schalke_Postkarte-1-768x484.jpg 768w, https:\/\/bn-sportfoto.de\/briefmarken\/wp-content\/uploads\/2020\/04\/Schalke_Postkarte-1-1536x969.jpg 1536w, https:\/\/bn-sportfoto.de\/briefmarken\/wp-content\/uploads\/2020\/04\/Schalke_Postkarte-1.jpg 1903w\" sizes=\"auto, (max-width: 1024px) 100vw, 1024px\" \/><figcaption>Postkarte mit Einkreisstempel SCHALKE 25 mm Durchmesser mit Datum vom 13. September 1873.<\/figcaption><\/figure>\n\n\n\n<p>Ab 1848 geh\u00f6rt Schalke zum Landzustellbezirk des Postamtes Gelsenkirchen. Ein Postamt 2. Klasse mit Landzustellbezirk f\u00fcr He\u00dfler, Braubauerschaft und Bismarck wird am 1. September 1873 im Hause Friedrichstra\u00dfe 192 (heute Schalker Stra\u00dfe) er\u00f6ffnet. <\/p>\n\n\n\n<p> 1878 scheiden Braubauerschaft und Bismarck sowie 1881 He\u00dfler aus dem Landzustellbezirk aus. Der Umzug in das neue Postgeb\u00e4ude Kaiserstra\u00dfe 88\/ Ecke Schalker Markt erfolgt 1885, f\u00fcnf Jahre sp\u00e4ter die Ernennung zum Postamt 1. Klasse. Im Zuge der Eingemeindung von Schalke nach Gelsenkirchen am 1. April 1903 wird Schalke nun Zweigpostamt mit der Bezeichnung Gelsenkirchen 2.<\/p>\n\n\n\n<p>Am 6. November 1944 wird das Postgeb\u00e4ude durch Luftangriffe zerst\u00f6rt. Die Wiederaufnahme des Postbetriebs im gleichen Geb\u00e4ude erfolgt bereits am 1. Juli 1945. <\/p>\n\n\n\n<p>Im Jahre 1963 erh\u00e4lt das Postamt die neue Bezeichnung \u201e465 Gelsenkirchen 2\u201c. Zum 6. Mai 1964 erfolgt der Umzug in das neue Sparkassenhaus an der Grillostra\u00dfe 53. Am 2. April 1983 erh\u00e4lt das Postamt die neue Bezeichnung \u201e4650 Gelsenkirchen 15\u201c und mit Einf\u00fchrung der f\u00fcnfstelligen Postleitzahl zum 1. Juli 1993 dann die Bezeichnung \u201e45881 Gelsenkirchen 15\u201c.<\/p>\n\n\n\n<p>Schon seit mehreren Jahren ist das Postamt an der Grillostra\u00dfe nun geschlossen. Unweit des alten Standorts in der Schalker Stra\u00dfe 151 gibt es heute eine Postfiliale im Einzelhandel (Filiale 567, Lotto Bajaj).<\/p>\n","protected":false},"excerpt":{"rendered":"<p>Ab 1848 geh\u00f6rt Schalke zum Landzustellbezirk des Postamtes Gelsenkirchen. Ein Postamt 2. Klasse mit Landzustellbezirk f\u00fcr He\u00dfler, Braubauerschaft und Bismarck<\/p>\n","protected":false},"author":1,"featured_media":0,"parent":78,"menu_order":0,"comment_status":"closed","ping_status":"closed","template":"","meta":{"footnotes":""},"class_list":["post-261","page","type-page","status-publish","hentry"],"_links":{"self":[{"href":"https:\/\/bn-sportfoto.de\/briefmarken\/wp-json\/wp\/v2\/pages\/261","targetHints":{"allow":["GET"]}}],"collection":[{"href":"https:\/\/bn-sportfoto.de\/briefmarken\/wp-json\/wp\/v2\/pages"}],"about":[{"href":"https:\/\/bn-sportfoto.de\/briefmarken\/wp-json\/wp\/v2\/types\/page"}],"author":[{"embeddable":true,"href":"https:\/\/bn-sportfoto.de\/briefmarken\/wp-json\/wp\/v2\/users\/1"}],"replies":[{"embeddable":true,"href":"https:\/\/bn-sportfoto.de\/briefmarken\/wp-json\/wp\/v2\/comments?post=261"}],"version-history":[{"count":0,"href":"https:\/\/bn-sportfoto.de\/briefmarken\/wp-json\/wp\/v2\/pages\/261\/revisions"}],"up":[{"embeddable":true,"href":"https:\/\/bn-sportfoto.de\/briefmarken\/wp-json\/wp\/v2\/pages\/78"}],"wp:attachment":[{"href":"https:\/\/bn-sportfoto.de\/briefmarken\/wp-json\/wp\/v2\/media?parent=261"}],"curies":[{"name":"wp","href":"https:\/\/api.w.org\/{rel}","templated":true}]}}