{"id":162,"date":"2020-02-02T19:37:40","date_gmt":"2020-02-02T18:37:40","guid":{"rendered":"https:\/\/bn-sportfoto.de\/briefmarken\/?page_id=162"},"modified":"2026-02-13T20:11:40","modified_gmt":"2026-02-13T19:11:40","slug":"1973-der-erste-grosstauschtag","status":"publish","type":"page","link":"https:\/\/bn-sportfoto.de\/briefmarken\/1973-der-erste-grosstauschtag\/","title":{"rendered":"1973: Der erste Gro\u00dftauschtag"},"content":{"rendered":"<div class=\"wp-block-image\">\n<figure class=\"aligncenter size-large\"><img loading=\"lazy\" decoding=\"async\" width=\"591\" height=\"508\" src=\"https:\/\/bn-sportfoto.de\/briefmarken\/wp-content\/uploads\/2020\/02\/1973_Foto1-1.jpg\" alt=\"\" class=\"wp-image-165\" srcset=\"https:\/\/bn-sportfoto.de\/briefmarken\/wp-content\/uploads\/2020\/02\/1973_Foto1-1.jpg 591w, https:\/\/bn-sportfoto.de\/briefmarken\/wp-content\/uploads\/2020\/02\/1973_Foto1-1-300x258.jpg 300w\" sizes=\"auto, (max-width: 591px) 100vw, 591px\" \/><figcaption class=\"wp-element-caption\">Die damaligen Vorsitzenden (von links) Friedhelm Mei\u00dfner und Willi Jedinski pr\u00e4sentierten das Plakat der Veranstaltung.<\/figcaption><\/figure>\n<\/div>\n\n\n<p>\u201e1. Gelsenkirchener Gro\u00dftauschtag mit Briefmarken-Werbeschau\u201c lautete der offizielle Titel der Veranstaltung, die nach einj\u00e4hriger Vorbereitung stattfand. Die \u201eWestf\u00e4lische Rundschau\u201c schrieb damals im Vorfeld \u201eMit einem Sonderpostamt beteiligt sich die Bundespost an dem (\u2026) Gro\u00dftauschtag, der alle interessierten Philatelisten am Sonntag, 23. September, im gro\u00dfen und kleinen Saal des Hans-Sachs-Hauses zusammenf\u00fchren soll.\u201c<\/p>\n\n\n<div class=\"wp-block-image\">\n<figure class=\"aligncenter size-large\"><img loading=\"lazy\" decoding=\"async\" width=\"295\" height=\"307\" src=\"https:\/\/bn-sportfoto.de\/briefmarken\/wp-content\/uploads\/2020\/02\/1973_Stempel-1.jpg\" alt=\"\" class=\"wp-image-164\" srcset=\"https:\/\/bn-sportfoto.de\/briefmarken\/wp-content\/uploads\/2020\/02\/1973_Stempel-1.jpg 295w, https:\/\/bn-sportfoto.de\/briefmarken\/wp-content\/uploads\/2020\/02\/1973_Stempel-1-288x300.jpg 288w\" sizes=\"auto, (max-width: 295px) 100vw, 295px\" \/><figcaption class=\"wp-element-caption\">Der erste Sonderstempel trug die Inschrift \u201e1. Briefmarken-Gro\u00dftauschtag\u201c und den Vereinsnamen.<\/figcaption><\/figure>\n<\/div>\n\n\n<p>Und die \u201eBuersche Zeitung\u201c wusste zu berichten: \u201eIn der Briefmarkenausstellung zeigen elf Vereinsmitglieder Sammlungen aus 14 Bereichen. Insgesamt werden 686 Albenbl\u00e4tter zu sehen sein.\u201c \u00dcber 1.000 Besucher str\u00f6mten damals \u00fcbrigens zur neunst\u00fcndigen Veranstaltung ins Hans-Sachs-Haus.<\/p>\n","protected":false},"excerpt":{"rendered":"<p>\u201e1. Gelsenkirchener Gro\u00dftauschtag mit Briefmarken-Werbeschau\u201c lautete der offizielle Titel der Veranstaltung, die nach einj\u00e4hriger Vorbereitung stattfand. Die \u201eWestf\u00e4lische Rundschau\u201c schrieb<\/p>\n","protected":false},"author":1,"featured_media":0,"parent":0,"menu_order":0,"comment_status":"closed","ping_status":"closed","template":"","meta":{"footnotes":""},"class_list":["post-162","page","type-page","status-publish","hentry"],"_links":{"self":[{"href":"https:\/\/bn-sportfoto.de\/briefmarken\/wp-json\/wp\/v2\/pages\/162","targetHints":{"allow":["GET"]}}],"collection":[{"href":"https:\/\/bn-sportfoto.de\/briefmarken\/wp-json\/wp\/v2\/pages"}],"about":[{"href":"https:\/\/bn-sportfoto.de\/briefmarken\/wp-json\/wp\/v2\/types\/page"}],"author":[{"embeddable":true,"href":"https:\/\/bn-sportfoto.de\/briefmarken\/wp-json\/wp\/v2\/users\/1"}],"replies":[{"embeddable":true,"href":"https:\/\/bn-sportfoto.de\/briefmarken\/wp-json\/wp\/v2\/comments?post=162"}],"version-history":[{"count":1,"href":"https:\/\/bn-sportfoto.de\/briefmarken\/wp-json\/wp\/v2\/pages\/162\/revisions"}],"predecessor-version":[{"id":839,"href":"https:\/\/bn-sportfoto.de\/briefmarken\/wp-json\/wp\/v2\/pages\/162\/revisions\/839"}],"wp:attachment":[{"href":"https:\/\/bn-sportfoto.de\/briefmarken\/wp-json\/wp\/v2\/media?parent=162"}],"curies":[{"name":"wp","href":"https:\/\/api.w.org\/{rel}","templated":true}]}}