{"id":149,"date":"2020-02-02T16:01:20","date_gmt":"2020-02-02T15:01:20","guid":{"rendered":"https:\/\/bn-sportfoto.de\/briefmarken\/?page_id=149"},"modified":"2020-02-02T16:01:20","modified_gmt":"2020-02-02T15:01:20","slug":"treffpunkt","status":"publish","type":"page","link":"https:\/\/bn-sportfoto.de\/briefmarken\/verein\/treffpunkt\/","title":{"rendered":"Treffpunkt"},"content":{"rendered":"\n<h2 class=\"wp-block-heading\">Unser Treffpunkt: Das DGB-Haus der Jugend <\/h2>\n\n\n\n<p>Wollen Sie uns n\u00e4her kennenlernen? Dann schauen Sie doch einfach einmal bei unseren regelm\u00e4\u00dfigen Tauschtreffen im <a href=\"http:\/\/www.dgb-hausderjugend.de\/\" target=\"_blank\" rel=\"noreferrer noopener\">DGB-Haus der Jugend<\/a> in der Gelsenkirchener Innenstadt vorbei (Gabelsbergerstra\u00dfe 12, 45879 Gelsenkirchen).<\/p>\n\n\n\n<h2 class=\"wp-block-heading\">Treffen am 2. Sonntag im Monat<\/h2>\n\n\n\n<p>Dort treffen wir uns an jedem zweiten Sonntag im Monat. In den Schulferien kann es zu Abweichungen von diesem Rhythmus kommen. Die Treffen am Sonntagvormittag finden in der Zeit von 10:30 Uhr bis 12:00 Uhr in Raum D in der 1. Etage statt.<\/p>\n\n\n\n<p>Die genauen Termine finden Sie \u00fcbrigens <a href=\"https:\/\/bn-sportfoto.de\/briefmarken\/termine\/\">hier<\/a>.<\/p>\n\n\n\n<h2 class=\"wp-block-heading\">Parkpl\u00e4tze und Anfahrt per \u00d6PNV<\/h2>\n\n\n\n<p>Das DGB-Haus der Jugend ist gut per Auto erreichbar. Zahlreiche geb\u00fchrenpflichtige Parkpl\u00e4tze sind direkt vor dem Haus verf\u00fcgbar. In der Woche ist dort ab 18 Uhr das Parken kostenlos, Samstags ab 14 Uhr. An Sonntagen kann generell kostenlos geparkt werden.<\/p>\n\n\n\n<p>Ebenfalls halten mehrere Busse und Stra\u00dfenbahnen in unmittelbarer N\u00e4he:<\/p>\n\n\n\n<ul class=\"wp-block-list\">\n<li>Haltestelle  Grillo-Gymnasium:  340\/  348\/  381\/  382\/  383 \u2013 ca. 4 Minuten Fu\u00dfweg;  <\/li>\n\n\n\n<li>Haltestelle Musiktheater: 380\/ SB29\/ SB36 \u2013 ca. 5 Minuten Fu\u00dfweg; <\/li>\n\n\n\n<li>Bahn Haltestelle Heinrich-K\u00f6nig-Platz:  107\/  301\/  302  \u2013  ca. 6 Minuten Fu\u00dfweg. <\/li>\n<\/ul>\n","protected":false},"excerpt":{"rendered":"<p>Unser Treffpunkt: Das DGB-Haus der Jugend Wollen Sie uns n\u00e4her kennenlernen? Dann schauen Sie doch einfach einmal bei unseren regelm\u00e4\u00dfigen<\/p>\n","protected":false},"author":1,"featured_media":0,"parent":48,"menu_order":3,"comment_status":"closed","ping_status":"closed","template":"","meta":{"footnotes":""},"class_list":["post-149","page","type-page","status-publish","hentry"],"_links":{"self":[{"href":"https:\/\/bn-sportfoto.de\/briefmarken\/wp-json\/wp\/v2\/pages\/149","targetHints":{"allow":["GET"]}}],"collection":[{"href":"https:\/\/bn-sportfoto.de\/briefmarken\/wp-json\/wp\/v2\/pages"}],"about":[{"href":"https:\/\/bn-sportfoto.de\/briefmarken\/wp-json\/wp\/v2\/types\/page"}],"author":[{"embeddable":true,"href":"https:\/\/bn-sportfoto.de\/briefmarken\/wp-json\/wp\/v2\/users\/1"}],"replies":[{"embeddable":true,"href":"https:\/\/bn-sportfoto.de\/briefmarken\/wp-json\/wp\/v2\/comments?post=149"}],"version-history":[{"count":0,"href":"https:\/\/bn-sportfoto.de\/briefmarken\/wp-json\/wp\/v2\/pages\/149\/revisions"}],"up":[{"embeddable":true,"href":"https:\/\/bn-sportfoto.de\/briefmarken\/wp-json\/wp\/v2\/pages\/48"}],"wp:attachment":[{"href":"https:\/\/bn-sportfoto.de\/briefmarken\/wp-json\/wp\/v2\/media?parent=149"}],"curies":[{"name":"wp","href":"https:\/\/api.w.org\/{rel}","templated":true}]}}