{"id":127,"date":"2019-12-31T16:42:20","date_gmt":"2019-12-31T15:42:20","guid":{"rendered":"https:\/\/bn-sportfoto.de\/briefmarken\/?page_id=127"},"modified":"2026-02-13T20:12:43","modified_gmt":"2026-02-13T19:12:43","slug":"vereinsnachrichten","status":"publish","type":"page","link":"https:\/\/bn-sportfoto.de\/briefmarken\/aktuelles\/vereinsnachrichten\/","title":{"rendered":"Vereinsnachrichten"},"content":{"rendered":"<div class=\"wp-block-image\">\n<figure class=\"aligncenter size-large\"><img loading=\"lazy\" decoding=\"async\" width=\"300\" height=\"264\" src=\"https:\/\/bn-sportfoto.de\/briefmarken\/wp-content\/uploads\/2019\/12\/2019_Vereinsnachrichten-1.png\" alt=\"\" class=\"wp-image-121\"\/><\/figure>\n<\/div>\n\n\n<p>Die \u201eGelsenkirchener Briefmarkenfreunde 1967 e. V. \u201c geben in unregelm\u00e4\u00dfigen Abst\u00e4nden gedruckte Vereinsnachrichten heraus. <\/p>\n\n\n\n<p><strong>Alle bisher erschienenden Ausgaben finden Sie hier im Archiv:<\/strong><\/p>\n\n\n\n<p><a aria-label=\" (\u00f6ffnet in neuem Tab)\" href=\"http:\/\/www.bn-sportfoto.de\/briefmarken\/Vereinsnachrichten_01-2019.pdf\" target=\"_blank\" rel=\"noreferrer noopener\">Ausgabe Nummer 1 vom 16. Juni 2019<\/a><\/p>\n\n\n\n<p><a aria-label=\"Ausgabe Nummer 2 vom 1. November 2019 (\u00f6ffnet in neuem Tab)\" href=\"http:\/\/www.bn-sportfoto.de\/briefmarken\/Vereinsnachrichten_02-2019.pdf\" target=\"_blank\" rel=\"noreferrer noopener\">Ausgabe Nummer 2 vom 1. November 2019<\/a><\/p>\n\n\n\n<p><a href=\"http:\/\/www.bn-sportfoto.de\/briefmarken\/Vereinsnachrichten_03-2023.pdf\" target=\"_blank\" rel=\"noreferrer noopener\">Ausgabe Nummer 3 vom 1. November 2023<\/a><\/p>\n\n\n\n<p><a href=\"http:\/\/www.bn-sportfoto.de\/briefmarken\/Vereinsnachrichten_04-2024.pdf\" target=\"_blank\" rel=\"noreferrer noopener\">Ausgabe Nummer 4 vom 12. Mai 2024<\/a><\/p>\n\n\n\n<p><a href=\"http:\/\/www.bn-sportfoto.de\/briefmarken\/bilder\/Vereinsnachrichten_Ausgabe5-2025.pdf\" target=\"_blank\" rel=\"noreferrer noopener\">Ausgabe Nummer 5 vom 1. November 2025<\/a><\/p>\n\n\n\n<p><\/p>\n","protected":false},"excerpt":{"rendered":"<p>Die \u201eGelsenkirchener Briefmarkenfreunde 1967 e. V. \u201c geben in unregelm\u00e4\u00dfigen Abst\u00e4nden gedruckte Vereinsnachrichten heraus. Alle bisher erschienenden Ausgaben finden Sie<\/p>\n","protected":false},"author":1,"featured_media":0,"parent":49,"menu_order":1,"comment_status":"closed","ping_status":"closed","template":"","meta":{"footnotes":""},"class_list":["post-127","page","type-page","status-publish","hentry"],"_links":{"self":[{"href":"https:\/\/bn-sportfoto.de\/briefmarken\/wp-json\/wp\/v2\/pages\/127","targetHints":{"allow":["GET"]}}],"collection":[{"href":"https:\/\/bn-sportfoto.de\/briefmarken\/wp-json\/wp\/v2\/pages"}],"about":[{"href":"https:\/\/bn-sportfoto.de\/briefmarken\/wp-json\/wp\/v2\/types\/page"}],"author":[{"embeddable":true,"href":"https:\/\/bn-sportfoto.de\/briefmarken\/wp-json\/wp\/v2\/users\/1"}],"replies":[{"embeddable":true,"href":"https:\/\/bn-sportfoto.de\/briefmarken\/wp-json\/wp\/v2\/comments?post=127"}],"version-history":[{"count":1,"href":"https:\/\/bn-sportfoto.de\/briefmarken\/wp-json\/wp\/v2\/pages\/127\/revisions"}],"predecessor-version":[{"id":841,"href":"https:\/\/bn-sportfoto.de\/briefmarken\/wp-json\/wp\/v2\/pages\/127\/revisions\/841"}],"up":[{"embeddable":true,"href":"https:\/\/bn-sportfoto.de\/briefmarken\/wp-json\/wp\/v2\/pages\/49"}],"wp:attachment":[{"href":"https:\/\/bn-sportfoto.de\/briefmarken\/wp-json\/wp\/v2\/media?parent=127"}],"curies":[{"name":"wp","href":"https:\/\/api.w.org\/{rel}","templated":true}]}}